{"id":470,"date":"2022-01-13T12:26:52","date_gmt":"2022-01-13T11:26:52","guid":{"rendered":"https:\/\/www.bartfeld-elektrotechnik.de\/?page_id=470"},"modified":"2022-01-13T17:15:09","modified_gmt":"2022-01-13T16:15:09","slug":"gdpr","status":"publish","type":"page","link":"https:\/\/www.bartfeld-elektrotechnik.de\/sk\/gdpr\/","title":{"rendered":"GDPR"},"content":{"rendered":"\n<h2 class=\"wp-block-heading\">1. Spracovate\u013esk\u00e9 oper\u00e1cie<\/h2>\n\n\n\n<div class=\"wp-block-algori-pdf-viewer-block-algori-pdf-viewer\"><iframe class=\"wp-block-algori-pdf-viewer-block-algori-pdf-viewer-iframe\" src=\"https:\/\/www.bartfeld-elektrotechnik.de\/wp-content\/plugins\/algori-pdf-viewer\/dist\/web\/viewer.html?file=https%3A%2F%2Fwww.bartfeld-elektrotechnik.de%2Fwp-content%2Fuploads%2F2022%2F01%2F01.Informacna-povinnost-sprac.-operacie-3.pdf\" style=\"width:1000px;height:300px\"><\/iframe><\/div>\n\n\n\n<p><a href=\"http:\/\/www.bartfeld-elektrotechnik.de\/wp-content\/uploads\/2022\/01\/01.Informacna-povinnost-sprac.-operacie.pdf\" data-type=\"URL\" data-id=\"http:\/\/www.bartfeld-elektrotechnik.de\/wp-content\/uploads\/2022\/01\/01.Informacna-povinnost-sprac.-operacie.pdf\">Spracovate\u013esk\u00e9 oper\u00e1cie &#8211; na stiahnutie (.pdf)<\/a><\/p>\n\n\n\n<h2 class=\"wp-block-heading\">2. Pr\u00e1va dotknutej osoby<\/h2>\n\n\n\n<div class=\"wp-block-algori-pdf-viewer-block-algori-pdf-viewer\"><iframe class=\"wp-block-algori-pdf-viewer-block-algori-pdf-viewer-iframe\" src=\"https:\/\/www.bartfeld-elektrotechnik.de\/wp-content\/plugins\/algori-pdf-viewer\/dist\/web\/viewer.html?file=https%3A%2F%2Fwww.bartfeld-elektrotechnik.de%2Fwp-content%2Fuploads%2F2022%2F01%2F02.Informacna-povinnost-prava-dotknutych-osob-1.pdf\" style=\"width:1000px;height:300px\"><\/iframe><\/div>\n\n\n\n<p><a href=\"http:\/\/www.bartfeld-elektrotechnik.de\/wp-content\/uploads\/2022\/01\/02.Informacna-povinnost-prava-dotknutych-osob.pdf\" data-type=\"URL\" data-id=\"http:\/\/www.bartfeld-elektrotechnik.de\/wp-content\/uploads\/2022\/01\/02.Informacna-povinnost-prava-dotknutych-osob.pdf\">Pr\u00e1va dotknutej osoby &#8211; na stiahnutie (.pdf)<\/a><\/p>\n\n\n\n<h2 class=\"wp-block-heading\">3. Uch\u00e1dza\u010di o zamestnanie<\/h2>\n\n\n\n<div class=\"wp-block-algori-pdf-viewer-block-algori-pdf-viewer\"><iframe class=\"wp-block-algori-pdf-viewer-block-algori-pdf-viewer-iframe\" src=\"https:\/\/www.bartfeld-elektrotechnik.de\/wp-content\/plugins\/algori-pdf-viewer\/dist\/web\/viewer.html?file=https%3A%2F%2Fwww.bartfeld-elektrotechnik.de%2Fwp-content%2Fuploads%2F2022%2F01%2F03.Informacna-povinnost.-podla-clanku-14-uchadzac-o-zamestnanie-1.pdf\" style=\"width:1000px;height:300px\"><\/iframe><\/div>\n\n\n\n<p><a href=\"http:\/\/www.bartfeld-elektrotechnik.de\/wp-content\/uploads\/2022\/01\/03.Informacna-povinnost.-podla-clanku-14-uchadzac-o-zamestnanie.pdf\" data-type=\"URL\" data-id=\"http:\/\/www.bartfeld-elektrotechnik.de\/wp-content\/uploads\/2022\/01\/03.Informacna-povinnost.-podla-clanku-14-uchadzac-o-zamestnanie.pdf\">Uch\u00e1dza\u010di o zamestnanie &#8211; na stiahnutie (.pdf)<\/a><\/p>\n\n\n\n<h2 class=\"wp-block-heading\">4. \u017diados\u0165 dotknutej osoby na uplat\u0148ovanie jej pr\u00e1v<\/h2>\n\n\n\n<div class=\"wp-block-algori-pdf-viewer-block-algori-pdf-viewer\"><iframe class=\"wp-block-algori-pdf-viewer-block-algori-pdf-viewer-iframe\" src=\"https:\/\/www.bartfeld-elektrotechnik.de\/wp-content\/plugins\/algori-pdf-viewer\/dist\/web\/viewer.html?file=https%3A%2F%2Fwww.bartfeld-elektrotechnik.de%2Fwp-content%2Fuploads%2F2022%2F01%2F04.uplatnovanie-prav-ziadost-DO.pdf\" style=\"width:1000px;height:300px\"><\/iframe><\/div>\n\n\n\n<p><a href=\"http:\/\/www.bartfeld-elektrotechnik.de\/wp-content\/uploads\/2022\/01\/04.uplatnovanie-prav-ziadost-DO.docx\" data-type=\"URL\" data-id=\"http:\/\/www.bartfeld-elektrotechnik.de\/wp-content\/uploads\/2022\/01\/04.uplatnovanie-prav-ziadost-DO.docx\">\u017diados\u0165 dotknutej osoby na uplat\u0148ovanie jej pr\u00e1v &#8211; na stiahnutie (.pdf)<\/a><\/p>\n","protected":false},"excerpt":{"rendered":"<p>1. Spracovate\u013esk\u00e9 oper\u00e1cie<\/p>\n<p>2. Pr\u00e1va dotknutej osoby<\/p>\n<p>3. Uch\u00e1dza\u010di o zamestnanie<\/p>\n<p>4. \u017diados\u0165 dotknutej osoby na uplat\u0148ovanie jej pr\u00e1v<\/p>\n","protected":false},"author":4,"featured_media":0,"parent":0,"menu_order":0,"comment_status":"closed","ping_status":"closed","template":"","meta":{"_uag_custom_page_level_css":"","ngg_post_thumbnail":0,"footnotes":""},"class_list":["post-470","page","type-page","status-publish","hentry"],"uagb_featured_image_src":{"full":false,"thumbnail":false,"medium":false,"medium_large":false,"large":false,"1536x1536":false,"2048x2048":false,"blogimg":false,"blogimgsingle":false},"uagb_author_info":{"display_name":"hiscar","author_link":"https:\/\/www.bartfeld-elektrotechnik.de\/sk\/author\/hiscar\/"},"uagb_comment_info":0,"uagb_excerpt":"1. Spracovate\u013esk\u00e9 oper\u00e1cie 2. Pr\u00e1va dotknutej osoby 3. Uch\u00e1dza\u010di o zamestnanie 4. \u017diados\u0165 dotknutej osoby na uplat\u0148ovanie jej pr\u00e1v","_links":{"self":[{"href":"https:\/\/www.bartfeld-elektrotechnik.de\/sk\/wp-json\/wp\/v2\/pages\/470","targetHints":{"allow":["GET"]}}],"collection":[{"href":"https:\/\/www.bartfeld-elektrotechnik.de\/sk\/wp-json\/wp\/v2\/pages"}],"about":[{"href":"https:\/\/www.bartfeld-elektrotechnik.de\/sk\/wp-json\/wp\/v2\/types\/page"}],"author":[{"embeddable":true,"href":"https:\/\/www.bartfeld-elektrotechnik.de\/sk\/wp-json\/wp\/v2\/users\/4"}],"replies":[{"embeddable":true,"href":"https:\/\/www.bartfeld-elektrotechnik.de\/sk\/wp-json\/wp\/v2\/comments?post=470"}],"version-history":[{"count":10,"href":"https:\/\/www.bartfeld-elektrotechnik.de\/sk\/wp-json\/wp\/v2\/pages\/470\/revisions"}],"predecessor-version":[{"id":507,"href":"https:\/\/www.bartfeld-elektrotechnik.de\/sk\/wp-json\/wp\/v2\/pages\/470\/revisions\/507"}],"wp:attachment":[{"href":"https:\/\/www.bartfeld-elektrotechnik.de\/sk\/wp-json\/wp\/v2\/media?parent=470"}],"curies":[{"name":"wp","href":"https:\/\/api.w.org\/{rel}","templated":true}]}}