{"id":78,"date":"2017-08-20T15:31:13","date_gmt":"2017-08-20T13:31:13","guid":{"rendered":"http:\/\/whttp:\/\/www.bartfeld-elektrotechnik.de\/?page_id=78\/"},"modified":"2017-11-21T20:54:17","modified_gmt":"2017-11-21T19:54:17","slug":"o-nas","status":"publish","type":"page","link":"https:\/\/www.bartfeld-elektrotechnik.de\/sk\/o-nas\/","title":{"rendered":"O n\u00e1s"},"content":{"rendered":"<p>V\u00edtame V\u00e1s na str\u00e1nke spolo\u010dnosti<strong> Bartfeld Elektrotechnik s.r.o.<\/strong><\/p>\n<p>U\u017e od n\u00e1\u0161ho zalo\u017eenia pred vy\u0161e 10 rokmi sa te\u0161\u00edme trvalo rast\u00facemu po\u010dtu spokojn\u00fdch z\u00e1kazn\u00edkov. V\u010faka na\u0161im dlhoro\u010dn\u00fdm sk\u00fasenostiam sme schopn\u00ed spolo\u010dne s Vami h\u013eada\u0165 mimoriadne rie\u0161enia v oblasti elektrotechniky.<br \/>\n&nbsp;<\/p>\n","protected":false},"excerpt":{"rendered":"<p>V\u00edtame V\u00e1s na str\u00e1nke spolo\u010dnosti Bartfeld Elektrotechnik s.r.o. U\u017e od n\u00e1\u0161ho zalo\u017eenia pred vy\u0161e 10 rokmi sa te\u0161\u00edme trvalo rast\u00facemu po\u010dtu spokojn\u00fdch z\u00e1kazn\u00edkov. V\u010faka na\u0161im dlhoro\u010dn\u00fdm sk\u00fasenostiam sme schopn\u00ed spolo\u010dne s Vami h\u013eada\u0165 mimoriadne rie\u0161enia v oblasti elektrotechniky. &nbsp;<\/p>\n","protected":false},"author":1,"featured_media":0,"parent":0,"menu_order":0,"comment_status":"closed","ping_status":"closed","template":"","meta":{"_uag_custom_page_level_css":"","ngg_post_thumbnail":0,"footnotes":""},"class_list":["post-78","page","type-page","status-publish","hentry"],"uagb_featured_image_src":{"full":false,"thumbnail":false,"medium":false,"medium_large":false,"large":false,"1536x1536":false,"2048x2048":false,"blogimg":false,"blogimgsingle":false},"uagb_author_info":{"display_name":"erbenova","author_link":"https:\/\/www.bartfeld-elektrotechnik.de\/sk\/author\/erbenova\/"},"uagb_comment_info":0,"uagb_excerpt":"V\u00edtame V\u00e1s na str\u00e1nke spolo\u010dnosti Bartfeld Elektrotechnik s.r.o. U\u017e od n\u00e1\u0161ho zalo\u017eenia pred vy\u0161e 10 rokmi sa te\u0161\u00edme trvalo rast\u00facemu po\u010dtu spokojn\u00fdch z\u00e1kazn\u00edkov. V\u010faka na\u0161im dlhoro\u010dn\u00fdm sk\u00fasenostiam sme schopn\u00ed spolo\u010dne s Vami h\u013eada\u0165 mimoriadne rie\u0161enia v oblasti elektrotechniky. &nbsp;","_links":{"self":[{"href":"https:\/\/www.bartfeld-elektrotechnik.de\/sk\/wp-json\/wp\/v2\/pages\/78","targetHints":{"allow":["GET"]}}],"collection":[{"href":"https:\/\/www.bartfeld-elektrotechnik.de\/sk\/wp-json\/wp\/v2\/pages"}],"about":[{"href":"https:\/\/www.bartfeld-elektrotechnik.de\/sk\/wp-json\/wp\/v2\/types\/page"}],"author":[{"embeddable":true,"href":"https:\/\/www.bartfeld-elektrotechnik.de\/sk\/wp-json\/wp\/v2\/users\/1"}],"replies":[{"embeddable":true,"href":"https:\/\/www.bartfeld-elektrotechnik.de\/sk\/wp-json\/wp\/v2\/comments?post=78"}],"version-history":[{"count":2,"href":"https:\/\/www.bartfeld-elektrotechnik.de\/sk\/wp-json\/wp\/v2\/pages\/78\/revisions"}],"predecessor-version":[{"id":190,"href":"https:\/\/www.bartfeld-elektrotechnik.de\/sk\/wp-json\/wp\/v2\/pages\/78\/revisions\/190"}],"wp:attachment":[{"href":"https:\/\/www.bartfeld-elektrotechnik.de\/sk\/wp-json\/wp\/v2\/media?parent=78"}],"curies":[{"name":"wp","href":"https:\/\/api.w.org\/{rel}","templated":true}]}}