{"id":80,"date":"2017-08-20T15:32:09","date_gmt":"2017-08-20T13:32:09","guid":{"rendered":"http:\/\/whttp:\/\/www.bartfeld-elektrotechnik.de\/?page_id=80\/"},"modified":"2025-10-16T12:21:27","modified_gmt":"2025-10-16T10:21:27","slug":"kariera","status":"publish","type":"page","link":"https:\/\/www.bartfeld-elektrotechnik.de\/sk\/kariera\/","title":{"rendered":"Kari\u00e9ra"},"content":{"rendered":"<h2>Elektrik\u00e1ri\/elektroin\u0161talat\u00e9ri\/elektronici so \u0161pecializ\u00e1ciou na energetiku a<br>stavebn\u00e9 techniky (m\/\u017e)<\/h2>\n\n\n<p>Bartfeld Elektrotechnik s.r.o. \u2013 so s\u00eddlom v Bardejove na Slovensku \u2013 je stredne ve\u013ek\u00e1<br>rodinn\u00e1 firma. Vzh\u013eadom na n\u00e1\u0161 neust\u00e1ly rast h\u013ead\u00e1me na posilnenie n\u00e1\u0161ho<br>t\u00edmu elektrik\u00e1rov\/elektroin\u0161talat\u00e9rov\/elektronikov so \u0161pecializ\u00e1ciou na energetiku a<br>stavebn\u00e9 techniky (m\/\u017e) s n\u00e1stupom \u010do najsk\u00f4r.<\/p>\n\n\n\n<p><strong>Va\u0161e \u00falohy:<\/strong><\/p>\n\n\n\n<ul class=\"wp-block-list\">\n<li>V\u0161etky druhy elektroin\u0161tala\u010dn\u00fdch pr\u00e1c<\/li>\n\n\n\n<li>Kladenie k\u00e1blov a mont\u00e1\u017e elektrick\u00fdch komponentov<\/li>\n\n\n\n<li>In\u0161tal\u00e1cia a uvedenie do prev\u00e1dzky fotovoltaick\u00fdch, interkomov\u00fdch, telef\u00f3nnych a satelitn\u00fdch zariaden\u00ed<\/li>\n\n\n\n<li>Kontrola a meranie elektrick\u00fdch zariaden\u00ed<\/li>\n\n\n\n<li>Mont\u00e1\u017e osvet\u013eovac\u00edch a komunika\u010dn\u00fdch zariaden\u00ed<\/li>\n\n\n\n<li>Zapojenie rozv\u00e1dza\u010dov<\/li>\n<\/ul>\n\n\n\n<p><strong>V\u00e1\u0161 profil:<\/strong><\/p>\n\n\n\n<ul class=\"wp-block-list\">\n<li>Ukon\u010den\u00e9 odborn\u00e9 vzdelanie v odbore elektrik\u00e1r\/elektroin\u0161talat\u00e9r\/elektronick\u00fd technik, ide\u00e1lne v odbore energetika a stavebn\u00e1 technika<\/li>\n\n\n\n<li>Zodpovednos\u0165, samostatnos\u0165 a motiv\u00e1cia<\/li>\n\n\n\n<li>Schopnos\u0165 pracova\u0165 v t\u00edme, flexibilita a lojalita<\/li>\n\n\n\n<li>Z\u00e1ujem o komplexn\u00e9 \u00falohy<\/li>\n\n\n\n<li>Vodi\u010dsk\u00fd preukaz triedy B<\/li>\n<\/ul>\n\n\n\n<p><strong>\u010eal\u0161ie po\u017eiadavky:<\/strong><\/p>\n\n\n\n<ul class=\"wp-block-list\">\n<li>\u017divnos\u0165<\/li>\n\n\n\n<li>Formul\u00e1r A1<\/li>\n\n\n\n<li>Auto<\/li>\n\n\n\n<li>Dobr\u00e1 znalos\u0165 nemeck\u00e9ho jazyka (aspo\u0148 u jedn\u00e9ho \u010dlena skupiny)<\/li>\n<\/ul>\n\n\n\n<p><strong>Pon\u00fakame:<\/strong><\/p>\n\n\n\n<ul class=\"wp-block-list\">\n<li>Zauj\u00edmav\u00fa a rozmanit\u00fa pr\u00e1cu<\/li>\n\n\n\n<li>Ist\u00e9 pracovn\u00e9 miesto v t\u00edme zameranom na \u00faspech<\/li>\n\n\n\n<li>Odme\u0148ovanie zodpovedaj\u00face v\u00fdkonu<\/li>\n\n\n\n<li>Dobr\u00fa pracovn\u00fa atmosf\u00e9ru<\/li>\n\n\n\n<li>Za\u0161kolenie sk\u00fasen\u00fdmi kolegami<\/li>\n\n\n\n<li>Dobr\u00e9 mo\u017enosti kari\u00e9rneho rastu<\/li>\n<\/ul>\n\n\n\n<p>Zaujali sme v\u00e1s? Potom sa prihl\u00e1ste s uveden\u00edm v\u00e1\u0161ho najskor\u0161ieho mo\u017en\u00e9ho n\u00e1stupu.<\/p>\n\n\n\n<p><strong>Za\u0161lite svoju \u017eiados\u0165 na adresu:<\/strong><\/p>\n\n\n\n<p>Bartfeld Elektrotechnik s.r.o. k ruk\u00e1m pani Dani\u017ekovej alebo pani Drozdekovej<\/p>\n\n\n\n<p><br>Mari\u00e1nske n\u00e1mestie 193 \/ 12<br>010 01 \u017dilina<br>Slovensko<\/p>\n\n\n\n<p><strong>alebo e-mailom:<\/strong><\/p>\n\n\n\n<p>pani Dani\u017ekov\u00e1 Zuzana<br>bartfeld@bartfeld-et.de<br>Pani Drozdek Petra<br>elektro@bartfeld-et.de<\/p>\n","protected":false},"excerpt":{"rendered":"<p>Elektrik\u00e1ri\/elektroin\u0161talat\u00e9ri\/elektronici so \u0161pecializ\u00e1ciou na energetiku astavebn\u00e9 techniky (m\/\u017e) Bartfeld Elektrotechnik s.r.o. \u2013 so s\u00eddlom v Bardejove na Slovensku \u2013 je stredne ve\u013ek\u00e1rodinn\u00e1 firma. Vzh\u013eadom na n\u00e1\u0161 neust\u00e1ly rast h\u013ead\u00e1me na posilnenie n\u00e1\u0161hot\u00edmu elektrik\u00e1rov\/elektroin\u0161talat\u00e9rov\/elektronikov so \u0161pecializ\u00e1ciou na energetiku astavebn\u00e9 techniky (m\/\u017e) s n\u00e1stupom \u010do najsk\u00f4r. Va\u0161e \u00falohy: V\u00e1\u0161 profil: \u010eal\u0161ie po\u017eiadavky: Pon\u00fakame: Zaujali sme v\u00e1s? Potom [&hellip;]<\/p>\n","protected":false},"author":1,"featured_media":0,"parent":0,"menu_order":0,"comment_status":"closed","ping_status":"closed","template":"","meta":{"_uag_custom_page_level_css":"","ngg_post_thumbnail":0,"footnotes":""},"class_list":["post-80","page","type-page","status-publish","hentry"],"uagb_featured_image_src":{"full":false,"thumbnail":false,"medium":false,"medium_large":false,"large":false,"1536x1536":false,"2048x2048":false,"blogimg":false,"blogimgsingle":false},"uagb_author_info":{"display_name":"erbenova","author_link":"https:\/\/www.bartfeld-elektrotechnik.de\/sk\/author\/erbenova\/"},"uagb_comment_info":0,"uagb_excerpt":"Elektrik\u00e1ri\/elektroin\u0161talat\u00e9ri\/elektronici so \u0161pecializ\u00e1ciou na energetiku astavebn\u00e9 techniky (m\/\u017e) Bartfeld Elektrotechnik s.r.o. \u2013 so s\u00eddlom v Bardejove na Slovensku \u2013 je stredne ve\u013ek\u00e1rodinn\u00e1 firma. Vzh\u013eadom na n\u00e1\u0161 neust\u00e1ly rast h\u013ead\u00e1me na posilnenie n\u00e1\u0161hot\u00edmu elektrik\u00e1rov\/elektroin\u0161talat\u00e9rov\/elektronikov so \u0161pecializ\u00e1ciou na energetiku astavebn\u00e9 techniky (m\/\u017e) s n\u00e1stupom \u010do najsk\u00f4r. Va\u0161e \u00falohy: V\u00e1\u0161 profil: \u010eal\u0161ie po\u017eiadavky: Pon\u00fakame: Zaujali sme v\u00e1s? Potom&hellip;","_links":{"self":[{"href":"https:\/\/www.bartfeld-elektrotechnik.de\/sk\/wp-json\/wp\/v2\/pages\/80","targetHints":{"allow":["GET"]}}],"collection":[{"href":"https:\/\/www.bartfeld-elektrotechnik.de\/sk\/wp-json\/wp\/v2\/pages"}],"about":[{"href":"https:\/\/www.bartfeld-elektrotechnik.de\/sk\/wp-json\/wp\/v2\/types\/page"}],"author":[{"embeddable":true,"href":"https:\/\/www.bartfeld-elektrotechnik.de\/sk\/wp-json\/wp\/v2\/users\/1"}],"replies":[{"embeddable":true,"href":"https:\/\/www.bartfeld-elektrotechnik.de\/sk\/wp-json\/wp\/v2\/comments?post=80"}],"version-history":[{"count":6,"href":"https:\/\/www.bartfeld-elektrotechnik.de\/sk\/wp-json\/wp\/v2\/pages\/80\/revisions"}],"predecessor-version":[{"id":18212,"href":"https:\/\/www.bartfeld-elektrotechnik.de\/sk\/wp-json\/wp\/v2\/pages\/80\/revisions\/18212"}],"wp:attachment":[{"href":"https:\/\/www.bartfeld-elektrotechnik.de\/sk\/wp-json\/wp\/v2\/media?parent=80"}],"curies":[{"name":"wp","href":"https:\/\/api.w.org\/{rel}","templated":true}]}}