{"id":83,"date":"2017-08-20T15:36:07","date_gmt":"2017-08-20T13:36:07","guid":{"rendered":"http:\/\/whttp:\/\/www.bartfeld-elektrotechnik.de\/?page_id=83\/"},"modified":"2026-03-06T11:33:18","modified_gmt":"2026-03-06T10:33:18","slug":"kontakt","status":"publish","type":"page","link":"https:\/\/www.bartfeld-elektrotechnik.de\/sk\/kontakt\/","title":{"rendered":"Kontakt"},"content":{"rendered":"<p>&nbsp;<\/p>\n<h4>&nbsp;<\/h4>\n<div class='content-column one_third'><h4>S\u00eddlo firmy<\/h4>\n<p><strong>Bartfeld Elektrotechnik s.r.o.<\/strong><br \/>\nMikulovsk\u00e1 17<br \/>\n085 01 Bardejov<\/p>\n<h4>Kontaktn\u00e1 adresa:<\/h4>\n<p><strong>Bartfeld Elektrotechnik s.r.o.<\/strong><br \/>\nMari\u00e1nske n\u00e1mestie 193 \/ 12<br \/>\n010 01 \u017dilina<\/p>\n<p><strong>Bartfeld Elektrotechnik s.r.o.<\/strong><br \/>\nMikulovsk\u00e1 17<br \/>\n085 01 Bardejov<\/p>\n<p><strong>Slovensko<\/strong><\/p>\n<h4>Pobo\u010dka &#8211; Nemecko<\/h4>\n<p><strong>Elektro Bartfeld GmbH<\/strong><br \/>\nSudetenstrasse 4<br \/>\nD-86738 Deiningen<\/p>\n<p><strong>I\u010cO<\/strong>: 50 155 342<br \/>\n<strong>DI\u010c:<\/strong> 212 019 2657<br \/>\n<strong>I\u010c DPH<\/strong>: SK 212 019 2657<\/p>\n<p><strong>Tel.:<\/strong> +421 918 490 480<\/p>\n<p><strong>E-mail:<\/strong> <a href=\"mailto:info@bartfeld-et.de\">info@bartfeld-et.de<\/a><\/p><\/div>\n<div class='content-column two_third last_column'><iframe loading=\"lazy\" style=\"border: 0;\" src=\"https:\/\/www.google.com\/maps\/embed?pb=!1m14!1m8!1m3!1d10408.125876649854!2d21.261656!3d49.294747!3m2!1i1024!2i768!4f13.1!3m3!1m2!1s0x473e80dcae19b9e1%3A0x3d10d34d9175a724!2sMikulovsk%C3%A1%201536%2F17%2C%20085%2001%20Bardejov!5e0!3m2!1ssk!2ssk!4v1720543492487!5m2!1ssk!2ssk\" width=\"600\" height=\"450\" allowfullscreen=\"allowfullscreen\"><\/iframe><\/div><div class='clear_column'><\/div>\n<div class='content-column one_half'><h4>Pobo\u010dka \u017dilina<\/h4>\n<h5>N\u00e1bor<\/h5>\n<p><strong>Zuzana Dani\u017ekov\u00e1<\/strong> <img class='azc_flags' src='https:\/\/www.bartfeld-elektrotechnik.de\/wp-content\/plugins\/azurecurve-flags\/images\/de.png' alt= 'Germany' \/> <img class='azc_flags' src='https:\/\/www.bartfeld-elektrotechnik.de\/wp-content\/plugins\/azurecurve-flags\/images\/gb.png' alt= 'United Kingdom of Great Britain and Northern Ireland' \/> <img class='azc_flags' src='https:\/\/www.bartfeld-elektrotechnik.de\/wp-content\/plugins\/azurecurve-flags\/images\/pl.png' alt= 'Poland' \/><br \/>\nTelefon Nr.:&nbsp;+421 911 077 338<br \/>\nFax: +421 41 763 1006<br \/>\nemail: <a href=\"mailto:bartfeld@bartfeld-et.de\">bartfeld@bartfeld-et.de<\/a><\/p>\n<p><strong>Petra Drozdek<\/strong>&nbsp;<img class='azc_flags' src='https:\/\/www.bartfeld-elektrotechnik.de\/wp-content\/plugins\/azurecurve-flags\/images\/de.png' alt= 'Germany' \/><br \/>\nTelefon Nr.: +421 948 763 322<br \/>\nFax: +421 41 763 1006<br \/>\nemail: <a href=\"mailto:elektro@bartfeld-et.de\">elektro@bartfeld-et.de<\/a><\/p>\n<h5>Person\u00e1lne oddelenie<\/h5>\n<p><strong>Nat\u00e1lia Marejkov\u00e1<\/strong> <img class='azc_flags' src='https:\/\/www.bartfeld-elektrotechnik.de\/wp-content\/plugins\/azurecurve-flags\/images\/de.png' alt= 'Germany' \/><br \/>\nTelefon Nr.: +421 948 857 088<br \/>\nemail: <a href=\"mailto:marejkova@bartfeld-et.de\">marejkova@bartfeld-et.de<\/a><\/p>\n<p><strong>Mgr. Zuzana Ciprichov\u00e1<\/strong> <img class='azc_flags' src='https:\/\/www.bartfeld-elektrotechnik.de\/wp-content\/plugins\/azurecurve-flags\/images\/de.png' alt= 'Germany' \/><br \/>\nTelefon Nr.: +421 948 833 441<br \/>\nemail: <a href=\"mailto:ciprichova@bartfeld-et.de\">ciprichova@bartfeld-et.de<\/a><\/p>\n<p><strong>Mgr. Helena Rabatinov\u00e1<\/strong> <img class='azc_flags' src='https:\/\/www.bartfeld-elektrotechnik.de\/wp-content\/plugins\/azurecurve-flags\/images\/de.png' alt= 'Germany' \/><br \/>\nTelefon Nr.: +421 948 308 166<br \/>\nemail: <a href=\"mailto:rabatinova@bartfeld-et.de\">rabatinova@bartfeld-et.de<\/a><\/p>\n<h5>Back office<\/h5>\n<p><strong>Katar\u00edna Plav\u00e1<\/strong>&nbsp;<img class='azc_flags' src='https:\/\/www.bartfeld-elektrotechnik.de\/wp-content\/plugins\/azurecurve-flags\/images\/de.png' alt= 'Germany' \/><br \/>\nTelefon Nr.: +421 910 155 371<br \/>\nemail: <a href=\"mailto:office@bartfeld-et.de\">office@bartfeld-et.de<br \/>\n<\/a><\/p>\n<p><strong>Bo\u017eena Rege\u0161ov\u00e1<\/strong>&nbsp;<img class='azc_flags' src='https:\/\/www.bartfeld-elektrotechnik.de\/wp-content\/plugins\/azurecurve-flags\/images\/de.png' alt= 'Germany' \/><br \/>\nTelefon Nr.: +421 911 668 383<br \/>\nemail: <a href=\"mailto:office@bartfeld-et.de\">regesova@elektrotechnik-bartfeld.de<\/a><\/p>\n<p><strong>Sl\u00e1vka Halikov\u00e1<\/strong>&nbsp;<img class='azc_flags' src='https:\/\/www.bartfeld-elektrotechnik.de\/wp-content\/plugins\/azurecurve-flags\/images\/de.png' alt= 'Germany' \/><br \/>\nTelefon Nr.: +421 911 131 216<br \/>\nemail: <a style=\"outline-width: 0px !important; user-select: auto !important;\" href=\"mailto:office@bartfeld-et.de\">halikova@<\/a><a href=\"mailto:office@bartfeld-et.de\">bartfeld-et.de<\/a><\/p>\n<h4>v Nemecku<\/h4>\n<p><strong>Uwe Habersaat<\/strong>&nbsp;<img class='azc_flags' src='https:\/\/www.bartfeld-elektrotechnik.de\/wp-content\/plugins\/azurecurve-flags\/images\/de.png' alt= 'Germany' \/><br \/>\nIndustriemeister Elektrotechnik<br \/>\nSudetenstrasse 4<br \/>\nD-86738 Deiningen<br \/>\nMobil: +49 151 25 23 28 02<br \/>\nTel.: +49 9081 786 8475<br \/>\nEmail: habersaat@bartfeld-et.de<\/p><\/div>\n<div class='content-column one_half last_column'><h4>Pobo\u010dka Bardejov<\/h4>\n<h5>\u00da\u010dtovn\u00e9 oddelenie<\/h5>\n<p><strong>Silvia Dinis<\/strong> <img class='azc_flags' src='https:\/\/www.bartfeld-elektrotechnik.de\/wp-content\/plugins\/azurecurve-flags\/images\/de.png' alt= 'Germany' \/><br \/>\nTelefon Nr.: +421 918 490 480<br \/>\nemail: <a href=\"mailto:info@bartfeld-et.de\">info@bartfeld-et.de<\/a><\/p>\n<h4>Pobo\u010dka Ke\u017emarok<\/h4>\n<h5>Back office<\/h5>\n<p><strong>Stanislav Hi\u0161\u010dar<\/strong> <img class='azc_flags' src='https:\/\/www.bartfeld-elektrotechnik.de\/wp-content\/plugins\/azurecurve-flags\/images\/gb.png' alt= 'United Kingdom of Great Britain and Northern Ireland' \/> <img class='azc_flags' src='https:\/\/www.bartfeld-elektrotechnik.de\/wp-content\/plugins\/azurecurve-flags\/images\/pl.png' alt= 'Poland' \/><br \/>\nTelefon Nr.: +421 948 023 486<br \/>\nemail: <a href=\"mailto:hiscar@bartfeld-et.de\">hiscar@bartfeld-et.de<\/a><\/p><\/div><div class='clear_column'><\/div>\n<h4>\u00daradn\u00e9 hodiny<\/h4>\n<p>Pondelok \u2013 piatok od 7.00 \u2013 16.00 hod<\/p>\n<p>&nbsp;<\/p>\n","protected":false},"excerpt":{"rendered":"<p>&nbsp; &nbsp; \u00daradn\u00e9 hodiny Pondelok \u2013 piatok od 7.00 \u2013 16.00 hod &nbsp;<\/p>\n","protected":false},"author":1,"featured_media":0,"parent":0,"menu_order":0,"comment_status":"closed","ping_status":"open","template":"","meta":{"_uag_custom_page_level_css":"","ngg_post_thumbnail":0,"footnotes":""},"class_list":["post-83","page","type-page","status-publish","hentry"],"uagb_featured_image_src":{"full":false,"thumbnail":false,"medium":false,"medium_large":false,"large":false,"1536x1536":false,"2048x2048":false,"blogimg":false,"blogimgsingle":false},"uagb_author_info":{"display_name":"erbenova","author_link":"https:\/\/www.bartfeld-elektrotechnik.de\/sk\/author\/erbenova\/"},"uagb_comment_info":0,"uagb_excerpt":"&nbsp; &nbsp; \u00daradn\u00e9 hodiny Pondelok \u2013 piatok od 7.00 \u2013 16.00 hod &nbsp;","_links":{"self":[{"href":"https:\/\/www.bartfeld-elektrotechnik.de\/sk\/wp-json\/wp\/v2\/pages\/83","targetHints":{"allow":["GET"]}}],"collection":[{"href":"https:\/\/www.bartfeld-elektrotechnik.de\/sk\/wp-json\/wp\/v2\/pages"}],"about":[{"href":"https:\/\/www.bartfeld-elektrotechnik.de\/sk\/wp-json\/wp\/v2\/types\/page"}],"author":[{"embeddable":true,"href":"https:\/\/www.bartfeld-elektrotechnik.de\/sk\/wp-json\/wp\/v2\/users\/1"}],"replies":[{"embeddable":true,"href":"https:\/\/www.bartfeld-elektrotechnik.de\/sk\/wp-json\/wp\/v2\/comments?post=83"}],"version-history":[{"count":37,"href":"https:\/\/www.bartfeld-elektrotechnik.de\/sk\/wp-json\/wp\/v2\/pages\/83\/revisions"}],"predecessor-version":[{"id":18218,"href":"https:\/\/www.bartfeld-elektrotechnik.de\/sk\/wp-json\/wp\/v2\/pages\/83\/revisions\/18218"}],"wp:attachment":[{"href":"https:\/\/www.bartfeld-elektrotechnik.de\/sk\/wp-json\/wp\/v2\/media?parent=83"}],"curies":[{"name":"wp","href":"https:\/\/api.w.org\/{rel}","templated":true}]}}