{"id":86,"date":"2017-08-20T15:39:27","date_gmt":"2017-08-20T13:39:27","guid":{"rendered":"http:\/\/whttp:\/\/www.bartfeld-elektrotechnik.de\/?page_id=86\/"},"modified":"2024-07-10T14:37:33","modified_gmt":"2024-07-10T12:37:33","slug":"sluzby","status":"publish","type":"page","link":"https:\/\/www.bartfeld-elektrotechnik.de\/sk\/sluzby\/","title":{"rendered":"Slu\u017eby"},"content":{"rendered":"<div class='content-column one_half'><h3>Elektroin\u0161tal\u00e1cia<\/h3>\n<ul>\n<li>Elektroin\u0161tal\u00e1cie ka\u017ed\u00e9ho druhu:\n<ul>\n<li>elektroin\u0161tal\u00e1cie, silnopr\u00fad i slabopr\u00fad,<\/li>\n<li>elektroin\u0161tala\u010dn\u00e9 pr\u00e1ce pre priv\u00e1tnu, komer\u010dn\u00fa a priemyseln\u00fa sf\u00e9ru,<\/li>\n<li>elektroin\u0161tala\u010dn\u00e9 pr\u00e1ce pri bytovej v\u00fdstavbe,<\/li>\n<li>&#8230;at\u010f.<\/li>\n<\/ul>\n<\/li>\n<\/ul>\n<h3>Energotechnika<\/h3>\n<ul>\n<li>fotovoltaika,<\/li>\n<li>elektrok\u00farenie,<\/li>\n<li>vetern\u00e1 energia,<\/li>\n<li>tepeln\u00e1 energia,<\/li>\n<li>elektromobilita.<\/li>\n<\/ul><\/div>\n<div class='content-column one_half last_column'><h3>Automatiz\u00e1cia<\/h3>\n<ul>\n<li>v\u00fdrobn\u00e9 linky,<\/li>\n<li>automatiza\u010dn\u00e9 zariadenia,<\/li>\n<li>dopravn\u00edky,<\/li>\n<li>kon\u0161trukcia a mont\u00e1\u017e strojov.<\/li>\n<\/ul>\n<h3>Elektrotechnika<\/h3>\n<ul>\n<li>mont\u00e1\u017e rozv\u00e1dza\u010dov<\/li>\n<\/ul><\/div><div class='clear_column'><\/div>\n","protected":false},"excerpt":{"rendered":"","protected":false},"author":1,"featured_media":0,"parent":0,"menu_order":0,"comment_status":"closed","ping_status":"open","template":"","meta":{"_uag_custom_page_level_css":"","ngg_post_thumbnail":0,"footnotes":""},"class_list":["post-86","page","type-page","status-publish","hentry"],"uagb_featured_image_src":{"full":false,"thumbnail":false,"medium":false,"medium_large":false,"large":false,"1536x1536":false,"2048x2048":false,"blogimg":false,"blogimgsingle":false},"uagb_author_info":{"display_name":"erbenova","author_link":"https:\/\/www.bartfeld-elektrotechnik.de\/sk\/author\/erbenova\/"},"uagb_comment_info":0,"uagb_excerpt":null,"_links":{"self":[{"href":"https:\/\/www.bartfeld-elektrotechnik.de\/sk\/wp-json\/wp\/v2\/pages\/86","targetHints":{"allow":["GET"]}}],"collection":[{"href":"https:\/\/www.bartfeld-elektrotechnik.de\/sk\/wp-json\/wp\/v2\/pages"}],"about":[{"href":"https:\/\/www.bartfeld-elektrotechnik.de\/sk\/wp-json\/wp\/v2\/types\/page"}],"author":[{"embeddable":true,"href":"https:\/\/www.bartfeld-elektrotechnik.de\/sk\/wp-json\/wp\/v2\/users\/1"}],"replies":[{"embeddable":true,"href":"https:\/\/www.bartfeld-elektrotechnik.de\/sk\/wp-json\/wp\/v2\/comments?post=86"}],"version-history":[{"count":5,"href":"https:\/\/www.bartfeld-elektrotechnik.de\/sk\/wp-json\/wp\/v2\/pages\/86\/revisions"}],"predecessor-version":[{"id":18132,"href":"https:\/\/www.bartfeld-elektrotechnik.de\/sk\/wp-json\/wp\/v2\/pages\/86\/revisions\/18132"}],"wp:attachment":[{"href":"https:\/\/www.bartfeld-elektrotechnik.de\/sk\/wp-json\/wp\/v2\/media?parent=86"}],"curies":[{"name":"wp","href":"https:\/\/api.w.org\/{rel}","templated":true}]}}